{"id":1131,"date":"2024-06-06T05:24:50","date_gmt":"2024-06-06T05:24:50","guid":{"rendered":"https:\/\/hotelbrusago.it\/privacy-policy\/"},"modified":"2024-07-26T05:56:07","modified_gmt":"2024-07-26T05:56:07","slug":"privacy-policy","status":"publish","type":"page","link":"https:\/\/hotelbrusago.it\/de\/privacy-policy\/","title":{"rendered":"Privacy Policy"},"content":{"rendered":"<h1>Privacy Policy<\/h1>\n<p>&nbsp;<\/p>\n<p>Ziel dieser Seite ist es, die Verwaltungsmethoden der Website hotelbrusago.it (im Folgenden auch \u201eWebsite\u201c) im Hinblick auf die Verarbeitung personenbezogener Daten der Benutzer, die sie konsultieren, zu beschreiben. Die Bereitstellung dieser Informationen erfolgt gem\u00e4\u00df und f\u00fcr die Zwecke der EU-Verordnung Nr. 679\/2016 (\u201eDSGVO\u201c) zum Schutz nat\u00fcrlicher Personen bei der Verarbeitung personenbezogener Daten und zielt darauf ab, unsere Praktiken in Bezug auf die personenbezogenen Daten derjenigen, die die Website durchsuchen, zu erl\u00e4utern, um zu erfahren, wie die ihre pers\u00f6nlichen Daten und erm\u00f6glichen ihnen, der Verarbeitung der auf der Website eingegebenen Daten ausdr\u00fccklich und informiert zuzustimmen, indem sie die darin enthaltenen oder auf andere Weise von ihnen bereitgestellten Formulare freiwillig ausf\u00fcllen.<\/p>\n<p>S\u00e4mtliche von den Nutzern \u00fcbermittelten personenbezogenen Daten (Vorname, Nachname, E-Mail-Adresse etc.) werden unter Beachtung der DSGVO erhoben, gespeichert und verarbeitet.<\/p>\n<p>Unter der Verarbeitung personenbezogener Daten verstehen wir jeden Vorgang oder jede Vorgangsreihe, die auch ohne die Hilfe elektronischer Instrumente durchgef\u00fchrt wird und die Erhebung, Aufzeichnung, Organisation, Aufbewahrung, Konsultation, Verarbeitung, \u00c4nderung, Auswahl, Extraktion, Vergleich, Verwendung, Verkn\u00fcpfung usw. betrifft. Sperrung, Mitteilung, Verbreitung, L\u00f6schung und Vernichtung von Daten, auch wenn diese nicht in einer Datenbank gespeichert sind.<\/p>\n<p>Die Informationen werden nur f\u00fcr diese Website bereitgestellt und nicht f\u00fcr andere Websites, die der Benutzer m\u00f6glicherweise \u00fcber Links aufruft.<\/p>\n<p>Durch den Zugriff auf und die Nutzung der Website best\u00e4tigt der Nutzer, diese Datenschutzrichtlinie sorgf\u00e4ltig gelesen zu haben und akzeptiert die darin beschriebenen Zwecke und Methoden der Verarbeitung.<\/p>\n<p><strong>I.\u00a0DER \u201eEIGENT\u00dcMER\u201c DER BEHANDLUNG<\/strong><\/p>\n<p>Die personenbezogenen Daten, die durch von Benutzern auf der Website durchgef\u00fchrte Vorg\u00e4nge bereitgestellt oder erfasst werden, werden von Bio Hotel Brusago S.R.L. mit Sitz in Piazza Rosmini 2, 38043 Bedollo (TN) und Umsatzsteuer-Identifikationsnummer: 02487310225 als Datenverantwortlicher verarbeitet.<\/p>\n<p><strong>II.VERARBEITETE DATEN<\/strong><\/p>\n<p>Browsing-Daten<\/p>\n<p>Die f\u00fcr den Betrieb dieser Website verwendeten Computersysteme und Softwareverfahren erfassen w\u00e4hrend ihres normalen Betriebs einige personenbezogene Daten, deren \u00dcbertragung bei der Verwendung von Internet-Kommunikationsprotokollen implizit ist.<\/p>\n<p>Hierbei handelt es sich um Informationen, die aufgrund ihrer Beschaffenheit durch Verarbeitung und Verkn\u00fcpfung mit Daten im Besitz Dritter eine Identifizierung der Nutzer erm\u00f6glichen k\u00f6nnten.<\/p>\n<p>Zu dieser Datenkategorie geh\u00f6ren die IP-Adressen oder Dom\u00e4nennamen der Computer, die von Benutzern verwendet werden, die eine Verbindung zur Website herstellen, die Adressen in URI-Notation (Uniform Resource Identifier) \u200b\u200bder angeforderten Ressourcen, der Zeitpunkt der Anfrage und die verwendete Methode \u00dcbermittlung der Anfrage an den Server, die Gr\u00f6\u00dfe der als Antwort erhaltenen Datei, der numerische Code, der den Status der vom Server gegebenen Antwort angibt (erfolgreich, Fehler usw.) und andere Parameter, die sich auf das Betriebssystem und die IT-Umgebung des Benutzers beziehen .<\/p>\n<p>Diese Daten werden ausschlie\u00dflich dazu verwendet, anonyme statistische Informationen \u00fcber die Nutzung der Website zu erhalten und deren ordnungsgem\u00e4\u00dfe Funktion zu \u00fcberpr\u00fcfen. Sie werden unmittelbar nach der Verarbeitung gel\u00f6scht. Die Daten k\u00f6nnten zur Feststellung der Verantwortlichkeit im Falle hypothetischer Computerkriminalit\u00e4t gegen die Website verwendet werden: Abgesehen von diesem Fall werden Daten \u00fcber Webkontakte derzeit nicht l\u00e4nger als sieben Tage gespeichert.<\/p>\n<p>Daten zum geografischen Standort des Nutzers k\u00f6nnen zur Bereitstellung von Informationen, Vorschl\u00e4gen und anderen personalisierten standortbezogenen Inhalten verwendet werden. Der Nutzer, der keine Informationen zu seiner geografischen Position weitergeben m\u00f6chte, muss die Ortungsdienste auf seinem Ger\u00e4t deaktivieren.<\/p>\n<p>Vom Nutzer freiwillig angegebene Daten<\/p>\n<p>Die auf der Website eingegebenen personenbezogenen Daten sowie die vom Benutzer per E-Mail an die auf der Website angegebenen E-Mail-Adressen gesendeten Daten. Zu diesen Daten geh\u00f6ren beispielsweise die in der Nachricht enthaltene E-Mail-Adresse, Vor- und Nachname, Postanschrift und Telefonnummer des Absenders. Das optionale, ausdr\u00fcckliche und freiwillige Versenden von E-Mails \u00fcber die Website und\/oder an die auf der Website angegebenen Adressen erfordert die anschlie\u00dfende Erfassung der Absenderadresse, die f\u00fcr die Beantwortung von Anfragen erforderlich ist, sowie aller anderen in der gesendeten Nachricht enthaltenen personenbezogenen Daten . .<\/p>\n<p>Cookies<\/p>\n<p>Um das Funktionieren der Website sicherzustellen und den angebotenen Service zu verbessern, werden auf der Website propriet\u00e4re Cookies und Cookies von Drittanbietern verwendet. Cookies sind kleine Textdateien, die die vom Benutzer besuchten Websites an sein Endger\u00e4t (normalerweise an den Browser) senden, wo sie gespeichert werden, bevor sie beim n\u00e4chsten Besuch desselben Benutzers erneut an dieselben Websites \u00fcbertragen werden.<\/p>\n<p>Weitere Informationen, um die auf der Website verwendeten Cookies zu kennen und sie m\u00f6glicherweise zu deaktivieren und\/oder die Einwilligung zu verweigern, finden Sie in der Cookie-Richtlinie.<\/p>\n<p><strong>III.ZWECK UND RECHTSGRUNDLAGEN DER VERARBEITUNG PERSONENBEZOGENER DATEN<\/strong><\/p>\n<p>Personenbezogene Daten werden von Bio Hotel Brusago S.R.L. erhoben und verarbeitet. zu folgenden Zwecken:<\/p>\n<p>A. Im Rahmen der Prozesse zur Verf\u00fcgbarkeitspr\u00fcfung, Buchung und zum Kauf der auf der Website angebotenen Dienste werden personenbezogene Daten abgefragt (wie z. B. E-Mail-Adresse, pers\u00f6nliche Daten, Postanschrift, Kartendaten, Kredit- und Bankdaten, Telefonnummer). Nummer);<\/p>\n<p>B. zur Bereitstellung von Hilfsdiensten und sonstigen Informationen technischer, kaufm\u00e4nnischer oder sonstiger Art, die von Nutzern gezielt angefordert werden, werden personenbezogene Daten (wie E-Mail-Adresse, Vor- und Nachname sowie Telefonnummer) erhoben;<\/p>\n<p>Dar\u00fcber hinaus k\u00f6nnen die personenbezogenen Daten mit vorheriger Zustimmung der Nutzer in die Kundendatenbank von Bio Hotel Brusago S.R.L. eingegeben werden. und zu folgenden Zwecken verarbeitet:<\/p>\n<p>C. Marketingzwecke: um Benutzer zu kontaktieren und ihnen (per Post, Telefon, E-Mail und andere Formen der elektronischen Kommunikation) Newsletter und\/oder andere Werbebotschaften, auch kommerzieller Art, im Zusammenhang mit den Dienstleistungen von Bio Hotel Brusago S.R.L. zu senden;<\/p>\n<p>D. Profilierungszwecke: zur Verarbeitung von Studien, Umfragen, Analysen sowie statistischen und\/oder Marktforschungen in Bezug auf Pr\u00e4ferenzen f\u00fcr die von Bio Hotel Brusago S.R.L. angebotenen Dienste, um einen personalisierten Service anzubieten, der auf die Bed\u00fcrfnisse der Benutzer zugeschnitten ist F\u00f6rderung kultureller und freizeitlicher Initiativen und Aktivit\u00e4ten.<\/p>\n<p>Die Verarbeitung personenbezogener Daten erfolgt ausschlie\u00dflich zur Erreichung der oben genannten Zwecke und in dem f\u00fcr die Verfolgung des konkreten Einzelfallzwecks unbedingt erforderlichen Umfang.<\/p>\n<p>Die Rechtsgrundlagen f\u00fcr die Verarbeitung Ihrer personenbezogenen Daten basieren auf den Zwecken, f\u00fcr die diese Daten bereitgestellt und erhoben wurden, und umfassen die Verarbeitung von Informationen, die zur Erf\u00fcllung vertraglicher Verpflichtungen, zur Einhaltung gesetzlicher Verpflichtungen und zum Schutz der Sicherheit von Bio Hotel Brusago S.R.L. erforderlich sind. Mitarbeiter, G\u00e4ste und andere Personen, f\u00fcr die berechtigten kommerziellen Interessen von Bio Hotel Brusago S.R.L. und in \u00dcbereinstimmung mit der vom Benutzer erteilten Einwilligung.<\/p>\n<p><strong>IV.EINWILLIGUNG DES BENUTZERS<\/strong><\/p>\n<p>Indem Sie auf der Website surfen und\/oder Ihre pers\u00f6nlichen Daten eingeben, erkl\u00e4ren Sie, dass Sie diese Informationen gem\u00e4\u00df der DSGVO gelesen haben und diese akzeptieren. Dar\u00fcber hinaus erteilt der Nutzer durch Auswahl des Einwilligungsflags oder \u00e4hnlicher Best\u00e4tigungsm\u00f6glichkeiten in den oben genannten Grenzen ausdr\u00fccklich seine Einwilligung in die Verarbeitung seiner Daten sowie deren Weitergabe an Dritte zur Erf\u00fcllung der Zwecke.<\/p>\n<p>Durch die Eingabe Ihrer Daten auf der Website erkl\u00e4rt sich der Nutzer insbesondere mit Folgendem einverstanden:<\/p>\n<p>Zu. Ihre E-Mail-Adresse zu Werbezwecken an automatische E-Mail-Weiterleitungssysteme Dritter \u00fcbermitteln;<\/p>\n<p>B. Werbe-E-Mails oder andere Korrespondenz von Bio Hotel Brusago S.R.L. zu erhalten;<\/p>\n<p>C. zur Erhebung, Speicherung und Verarbeitung Ihrer personenbezogenen Daten;<\/p>\n<p>D. dass Ihre Daten in den Datenbanken von Bio Hotel Brusago S.R.L. gespeichert werden. und\/oder durch Drittunternehmen oder Personen, die vertraglich mit dem Unternehmen verbunden sind und speziell mit der Verarbeitung der personenbezogenen Daten der Nutzer beauftragt sind.<\/p>\n<p>Der Nutzer kann seine Einwilligung zur Datenverarbeitung jederzeit per E-Mail an info@hotelbrusago.net widerrufen.<\/p>\n<p><strong>V. ORT DER DATENVERARBEITUNG UND DATEN\u00dcBERMITTLUNG AN DRITTE<\/strong><\/p>\n<p>Die mit den Webdiensten der Website verbundenen Verarbeitungen k\u00f6nnen auf den Servern von Drittunternehmen erfolgen, die im Auftrag von Bio Hotel Brusago S.R.L. Hosting-Dienste anbieten. auch Wolke.<\/p>\n<p>Die Daten des Nutzers k\u00f6nnen auch von Drittunternehmen verarbeitet werden, darunter Bio Hotel Brusago S.R.L. wird verwendet, um in seinem Namen T\u00e4tigkeiten auszuf\u00fchren (z. B. Datenanalyse, Datenarchivierung, Versand von Newslettern oder anderen kommerziellen und nichtkommerziellen Mitteilungen, Bereitstellung von Marketingunterst\u00fctzung, Durchf\u00fchrung von Marktanalysen).<\/p>\n<p>In Bezug auf den Umfang der \u00dcbermittlung personenbezogener Daten k\u00f6nnen die vom Nutzer bereitgestellten oder anderweitig erhobenen personenbezogenen Daten an folgende Personen oder Kategorien von Personen \u00fcbermittelt werden:<\/p>\n<p>Zu. \u00f6ffentliche Verwaltungen zur Erf\u00fcllung von Verpflichtungen, die durch Gesetze, Verordnungen oder nationale oder gemeinschaftliche Rechtsvorschriften festgelegt sind. In solchen F\u00e4llen ist die Verpflichtung zur Einholung der vorherigen Zustimmung des Interessenten f\u00fcr solche Mitteilungen ausgeschlossen;<\/p>\n<p>B. Muttergesellschaften, Tochtergesellschaften oder verbundene Unternehmen von Bio Hotel Brusago S.R.L.;<\/p>\n<p>C. andere Unternehmen oder nat\u00fcrliche Personen, die vertraglich mit dem Unternehmen verbunden sind und ausdr\u00fccklich mit der Verarbeitung personenbezogener Daten im Namen von Bio Hotel Brusago S.R.L. beauftragt sind.<\/p>\n<p>Bio Hotel Brusago S.R.L. nutzt Drittunternehmen und Einzelpersonen, um bestimmte Aktivit\u00e4ten in seinem Namen durchzuf\u00fchren (z. B. Datenverarbeitung, automatischer E-Mail-Versand usw.). Diese Personen haben nur Zugang zu den personenbezogenen Daten, die zur Erf\u00fcllung ihrer Aufgaben im Namen von Bio Hotel Brusago S.R.L. erforderlich sind. Sie wurden ausgew\u00e4hlt, weil sie \u00fcber ausreichende Erfahrung, F\u00e4higkeiten und Zuverl\u00e4ssigkeit verf\u00fcgten und geeignet waren, die vollst\u00e4ndige Einhaltung der geltenden Datenschutzbestimmungen zu gew\u00e4hrleisten.<\/p>\n<p>Durch das Surfen auf der Website erkl\u00e4ren Sie sich mit der Weitergabe Ihrer Daten an Drittanbieter in unserem Namen und dieser Art der Datenverarbeitung einverstanden.<\/p>\n<p>In anderen als den oben genannten F\u00e4llen wird der Benutzer dar\u00fcber informiert, ob seine personenbezogenen Daten an Dritte weitergegeben werden m\u00fcssen, und er kann entscheiden, ob er die Weitergabe seiner personenbezogenen Daten an Dritte genehmigen m\u00f6chte oder nicht.<\/p>\n<p><strong>VI.DATENVERARBEITUNGSMETHODEN<\/strong><\/p>\n<p>Die personenbezogenen Daten werden mithilfe geeigneter elektronischer oder automatisierter IT- und Telematiktools oder durch manuelle Papierverarbeitung verarbeitet, wobei die Logik strikt an die Zwecke gebunden ist, f\u00fcr die die personenbezogenen Daten erhoben wurden, und in jedem Fall so, dass dies gew\u00e4hrleistet ist Sicherheit und Vertraulichkeit der Daten selbst und f\u00fcr die Zeit, die zur Erreichung der Zwecke, f\u00fcr die sie erhoben wurden, unbedingt erforderlich ist.<\/p>\n<p>Bio Hotel Brusago S.R.L. hat technische L\u00f6sungen und Sicherheitsma\u00dfnahmen ergriffen, die die Sicherheit personenbezogener Daten gew\u00e4hrleisten und deren \u00c4nderung, Verlust, fehlerhafte Verarbeitung oder unbefugten Zugriff verhindern.<\/p>\n<p>Bio Hotel Brusago S.R.L. beh\u00e4lt sich das Recht vor, Dritte (Unternehmen oder Einzelpersonen) mit der Verarbeitung personenbezogener Daten in seinem Namen zu beauftragen und kann personenbezogene Daten an solche Dritten weitergeben. Allerdings wird von diesen Dritten verlangt, dass sie bei der Verarbeitung der oben genannten Daten die geltenden Grunds\u00e4tze und Gesetze zum Datenschutz beachten.<\/p>\n<p>Personenbezogene Daten werden von Bio Hotel Brusago S.R.L. erhoben und verarbeitet. und durch sein internes Personal (Mitarbeiter) und\/oder Mitarbeiter, die zu diesem Zweck zur Verarbeitung dieser Daten als Datenverarbeiter berechtigt sind, und m\u00f6glicherweise, soweit dies f\u00fcr die Ausf\u00fchrung der oben genannten Zwecke erforderlich und\/oder hilfreich ist, durch externe Dritte (z. B zum Beispiel Dienstleister, Berater und Fachfirmen, Unternehmen, die Hilfs- und\/oder Beratungst\u00e4tigkeiten anbieten oder im Auftrag von Bio Hotel Brusago S.R.L. Wartungsdienste f\u00fcr den technologischen Teil und die Verwaltung der Website sowie damit verbundene und instrumentelle Dienstleistungen erbringen Zwecke der Datenverarbeitung, die Bio Hotel Brusago S.R.L. auch f\u00fcr die Erstellung und\/oder Verwaltung von Werbeangeboten f\u00fcr seine Dienstleistungen usw. verwenden kann.<\/p>\n<p>Eine Nutzung der Kreditkartendaten des Nutzers zu anderen Zwecken als der Pr\u00fcfung des Bestehens von Zahlungsmitteln, der Abrechnung und Abwicklung von Zahlungen sowie der Abwicklung etwaiger Beschwerden und Rechtsstreitigkeiten ist ausdr\u00fccklich ausgeschlossen. Zu diesem Zweck werden die oben genannten Daten auch von der Bank verarbeitet, die Dienstleistungen im Zusammenhang mit der Verwaltung von Online-Zahlungen erbringt, sowie von der Institution, die die Kreditkarte ausgestellt hat, die der Benutzer zur Best\u00e4tigung des Kaufs der Dienstleistungen eingibt.<\/p>\n<p><strong>VII.OPTIONALE BEREITSTELLUNG VON DATEN<\/strong><\/p>\n<p>Abgesehen von den Angaben zu Navigationsdaten ist die Bereitstellung personenbezogener Daten optional.<\/p>\n<p>Wenn der Benutzer jedoch beabsichtigt, auf die auf der Website angebotenen Dienste zuzugreifen und\/oder Informationen \u00fcber die von Bio Hotel Brusago S.R.L. angebotenen Dienste und\/oder Werbeaktionen und\/oder Rabatte zu erhalten, Um Hilfe und\/oder spezifische Informationen zu erhalten und\/oder Unterst\u00fctzung zu erhalten, m\u00fcssen alle in den entsprechenden Formularen als Pflichtfelder gekennzeichneten Felder ausgef\u00fcllt werden. Die Verarbeitung der Nutzerdaten zu den in Abschnitt III genannten Zwecken. Die Buchstaben (A), (C) und (D) setzen die ausdr\u00fcckliche Zustimmung des Nutzers voraus.<\/p>\n<p>Die Nichtbereitstellung personenbezogener Daten und die ausdr\u00fcckliche Zustimmung zu deren Verarbeitung k\u00f6nnen dazu f\u00fchren, dass der Zugriff auf die auf der Website angebotenen Dienste sowie der Erhalt des Newsletters und\/oder anderer Informations- und Werbematerialien nicht m\u00f6glich ist.<\/p>\n<p>Durch die Eingabe Ihrer pers\u00f6nlichen Daten auf der Website garantieren Sie, dass die von Ihnen angegebenen pers\u00f6nlichen Daten korrekt und aktuell sind. Dar\u00fcber hinaus erkennen Sie an, dass Sie allein f\u00fcr die bereitgestellten Daten verantwortlich sind, seien es personenbezogene Daten, Fotos, Kommentare oder andere, und entsch\u00e4digen Bio Hotel Brusago S.R.L. von jeglicher Verantwortung.<\/p>\n<p><strong>VIII.SPEICHERUNG PERSONENBEZOGENER DATEN<\/strong><\/p>\n<p>Bio Hotel Brusago S.R.L. speichert die personenbezogenen Daten, vorbehaltlich der Verarbeitung, f\u00fcr den Zeitraum, der zur Erf\u00fcllung der in diesen Informationen genannten Zwecke erforderlich ist, sofern eine l\u00e4ngere Aufbewahrungsfrist nach geltendem Recht nicht erforderlich oder zul\u00e4ssig ist.<\/p>\n<p><strong>IX.RECHTE DER BETEILIGTEN<\/strong><\/p>\n<p>Die Personen, auf die sich die personenbezogenen Daten beziehen, haben folgende Rechte:<\/p>\n<p>A) Recht auf Auskunft, Berichtigung, L\u00f6schung und Einschr\u00e4nkung.<\/p>\n<p>Der Benutzer hat das Recht:<\/p>\n<p>Fragen Sie das Bio Hotel Brusago S.R.L. Zugriff auf Ihre personenbezogenen Daten und die damit verbundenen Informationen;<\/p>\n<p>die Richtigkeit personenbezogener Daten \u00fcberpr\u00fcfen oder die Erg\u00e4nzung unvollst\u00e4ndiger Daten oder die Aktualisierung oder Berichtigung unrichtiger Daten verlangen;<\/p>\n<p>Anfrage Bio Hotel Brusago S.R.L. die L\u00f6schung personenbezogener Daten bei Eintritt der im Art. genannten Bedingungen. 17, Abs. 1 der DSGVO und unter Einhaltung der in Absatz 3 desselben Artikels vorgesehenen Ausnahmen);<\/p>\n<p>die Einschr\u00e4nkung der Verarbeitung personenbezogener Daten zu verlangen (im Falle einer der in Art. 18 Abs. 1 DSGVO genannten F\u00e4lle).<\/p>\n<p>B) Recht auf Widerspruch gegen die Verarbeitung.<\/p>\n<p>Der Benutzer hat das Recht zu verlangen, dass Bio Hotel Brusago S.R.L. Stoppen Sie die Verarbeitung Ihrer pers\u00f6nlichen Daten:<\/p>\n<p>f\u00fcr Marketingaktivit\u00e4ten, einschlie\u00dflich Profiling-Aktivit\u00e4ten;<\/p>\n<p>f\u00fcr statistische Zwecke;<\/p>\n<p>wenn diese Verarbeitung auf den berechtigten Gesch\u00e4ftsinteressen von Bio Hotel Brusago S.R.L. beruht, es sei denn, es wird ein berechtigter Grund f\u00fcr eine solche Verarbeitung nachgewiesen oder die Verarbeitung Ihrer personenbezogenen Daten ist zur Feststellung, Aus\u00fcbung oder Verteidigung eines Rechts vor Gericht erforderlich.<\/p>\n<p>C) Recht auf Widerruf der Einwilligung.<\/p>\n<p>Der Nutzer hat jederzeit das Recht, seine Einwilligung zur Verarbeitung durch Bio Hotel Brusago S.R.L. zu widerrufen. ausschlie\u00dflich auf der Grundlage Ihrer Einwilligung (z. B. Zusendung von Direktmarketingmaterialien an Ihre pers\u00f6nliche E-Mail-Adresse).<\/p>\n<p>Eine Verarbeitung, die auf einer Einwilligung beruht und vor deren Widerruf erfolgt, beh\u00e4lt jedoch ihre Rechtm\u00e4\u00dfigkeit.<\/p>\n<p>D) Recht auf Daten\u00fcbertragbarkeit.<\/p>\n<p>Der Benutzer hat das Recht, von Bio Hotel Brusago S.R.L. und in den F\u00e4llen, in denen die Rechtsgrundlage der Verarbeitung eine Einwilligung oder ein Vertrag ist und die Verarbeitung automatisiert erfolgt, Ihre personenbezogenen Daten in einem g\u00e4ngigen elektronischen Format zu erhalten, auch zum Zweck der \u00dcbermittlung dieser Daten an a anderer Datenverantwortlicher.<\/p>\n<p>E) Beschwerde bei einer Aufsichtsbeh\u00f6rde<\/p>\n<p>Der Benutzer hat das Recht, eine Beschwerde bei einer Aufsichtsbeh\u00f6rde (Beh\u00f6rde zum Schutz personenbezogener Daten \u2013 www.garanteprivacy.it) einzureichen.<\/p>\n<p>Anfragen sollten an folgende Adresse gerichtet werden:<\/p>\n<p>per E-Mail an die Adresse: info@hotelbrusago.net;<\/p>\n<p>oder per Post an Bio Hotel Brusago S.R.L., mit Sitz in Piazza Rosmini 2, 38043 Bedollo (TN).<\/p>\n<p><strong>X.\u00a0LINKS ZU WEBSITES UND DIENSTLEISTUNGEN DRITTER<\/strong><\/p>\n<p>Diese Website kann Links zu Websites Dritter enthalten.<\/p>\n<p>Bio Hotel Brusago S.R.L. ist nicht verantwortlich f\u00fcr die Erhebung, Nutzung, Verwaltung, Weitergabe oder Offenlegung personenbezogener Daten durch die oben genannten Dritten. Wenn der Nutzer personenbezogene Daten auf Websites Dritter angibt und diese nutzt, gelten die Datenschutzrichtlinien und Nutzungsbedingungen des Dienstes der oben genannten Websites. Wir bitten den Benutzer daher, die Datenschutzrichtlinien der von ihm besuchten Websites zu lesen, bevor er seine pers\u00f6nlichen Daten sendet.<\/p>\n<p><strong>XI.\u00c4NDERUNGEN DER INFORMATIONEN<\/strong><\/p>\n<p>Diese Informationen k\u00f6nnen \u00c4nderungen unterliegen. Die auf der Website ver\u00f6ffentlichte Version ist die aktuell g\u00fcltige Version mit der letzten Aktualisierung am 25.07.2024<\/p>\n","protected":false},"excerpt":{"rendered":"<p>Privacy Policy &nbsp; Ziel dieser Seite ist es, die Verwaltungsmethoden der Website hotelbrusago.it (im Folgenden auch \u201eWebsite\u201c) im Hinblick auf die Verarbeitung personenbezogener Daten der Benutzer, die sie konsultieren, zu&#8230;<\/p>\n","protected":false},"author":1,"featured_media":0,"parent":0,"menu_order":0,"comment_status":"closed","ping_status":"closed","template":"","meta":{"footnotes":""},"class_list":["post-1131","page","type-page","status-publish"],"yoast_head":"<!-- This site is optimized with the Yoast SEO plugin v27.4 - https:\/\/yoast.com\/product\/yoast-seo-wordpress\/ -->\n<title>Privacy Policy - Bio Hotel Brusago<\/title>\n<meta name=\"robots\" content=\"index, follow, max-snippet:-1, max-image-preview:large, max-video-preview:-1\" \/>\n<link rel=\"canonical\" href=\"https:\/\/hotelbrusago.it\/privacy-policy\/\" \/>\n<meta property=\"og:locale\" content=\"de_DE\" \/>\n<meta property=\"og:type\" content=\"article\" \/>\n<meta property=\"og:title\" content=\"Privacy Policy - Bio Hotel Brusago\" \/>\n<meta property=\"og:description\" content=\"Privacy Policy &nbsp; Ziel dieser Seite ist es, die Verwaltungsmethoden der Website hotelbrusago.it (im Folgenden auch \u201eWebsite\u201c) im Hinblick auf die Verarbeitung personenbezogener Daten der Benutzer, die sie konsultieren, zu...\" \/>\n<meta property=\"og:url\" content=\"https:\/\/hotelbrusago.it\/privacy-policy\/\" \/>\n<meta property=\"og:site_name\" content=\"Bio Hotel Brusago\" \/>\n<meta property=\"article:modified_time\" content=\"2024-07-26T05:56:07+00:00\" \/>\n<meta name=\"twitter:card\" content=\"summary_large_image\" \/>\n<meta name=\"twitter:label1\" content=\"Gesch\u00e4tzte Lesezeit\" \/>\n\t<meta name=\"twitter:data1\" content=\"14\u00a0Minuten\" \/>\n<script type=\"application\/ld+json\" class=\"yoast-schema-graph\">{\"@context\":\"https:\\\/\\\/schema.org\",\"@graph\":[{\"@type\":\"WebPage\",\"@id\":\"https:\\\/\\\/hotelbrusago.it\\\/privacy-policy\\\/\",\"url\":\"https:\\\/\\\/hotelbrusago.it\\\/privacy-policy\\\/\",\"name\":\"Privacy Policy - Bio Hotel Brusago\",\"isPartOf\":{\"@id\":\"https:\\\/\\\/hotelbrusago.it\\\/de\\\/#website\"},\"datePublished\":\"2024-06-06T05:24:50+00:00\",\"dateModified\":\"2024-07-26T05:56:07+00:00\",\"breadcrumb\":{\"@id\":\"https:\\\/\\\/hotelbrusago.it\\\/privacy-policy\\\/#breadcrumb\"},\"inLanguage\":\"de\",\"potentialAction\":[{\"@type\":\"ReadAction\",\"target\":[\"https:\\\/\\\/hotelbrusago.it\\\/privacy-policy\\\/\"]}]},{\"@type\":\"BreadcrumbList\",\"@id\":\"https:\\\/\\\/hotelbrusago.it\\\/privacy-policy\\\/#breadcrumb\",\"itemListElement\":[{\"@type\":\"ListItem\",\"position\":1,\"name\":\"Home\",\"item\":\"https:\\\/\\\/hotelbrusago.it\\\/de\\\/\"},{\"@type\":\"ListItem\",\"position\":2,\"name\":\"Privacy Policy\"}]},{\"@type\":\"WebSite\",\"@id\":\"https:\\\/\\\/hotelbrusago.it\\\/de\\\/#website\",\"url\":\"https:\\\/\\\/hotelbrusago.it\\\/de\\\/\",\"name\":\"Bio Hotel Brusago\",\"description\":\"Autentico stile di montagna\",\"potentialAction\":[{\"@type\":\"SearchAction\",\"target\":{\"@type\":\"EntryPoint\",\"urlTemplate\":\"https:\\\/\\\/hotelbrusago.it\\\/de\\\/?s={search_term_string}\"},\"query-input\":{\"@type\":\"PropertyValueSpecification\",\"valueRequired\":true,\"valueName\":\"search_term_string\"}}],\"inLanguage\":\"de\"}]}<\/script>\n<!-- \/ Yoast SEO plugin. -->","yoast_head_json":{"title":"Privacy Policy - Bio Hotel Brusago","robots":{"index":"index","follow":"follow","max-snippet":"max-snippet:-1","max-image-preview":"max-image-preview:large","max-video-preview":"max-video-preview:-1"},"canonical":"https:\/\/hotelbrusago.it\/privacy-policy\/","og_locale":"de_DE","og_type":"article","og_title":"Privacy Policy - Bio Hotel Brusago","og_description":"Privacy Policy &nbsp; Ziel dieser Seite ist es, die Verwaltungsmethoden der Website hotelbrusago.it (im Folgenden auch \u201eWebsite\u201c) im Hinblick auf die Verarbeitung personenbezogener Daten der Benutzer, die sie konsultieren, zu...","og_url":"https:\/\/hotelbrusago.it\/privacy-policy\/","og_site_name":"Bio Hotel Brusago","article_modified_time":"2024-07-26T05:56:07+00:00","twitter_card":"summary_large_image","twitter_misc":{"Gesch\u00e4tzte Lesezeit":"14\u00a0Minuten"},"schema":{"@context":"https:\/\/schema.org","@graph":[{"@type":"WebPage","@id":"https:\/\/hotelbrusago.it\/privacy-policy\/","url":"https:\/\/hotelbrusago.it\/privacy-policy\/","name":"Privacy Policy - Bio Hotel Brusago","isPartOf":{"@id":"https:\/\/hotelbrusago.it\/de\/#website"},"datePublished":"2024-06-06T05:24:50+00:00","dateModified":"2024-07-26T05:56:07+00:00","breadcrumb":{"@id":"https:\/\/hotelbrusago.it\/privacy-policy\/#breadcrumb"},"inLanguage":"de","potentialAction":[{"@type":"ReadAction","target":["https:\/\/hotelbrusago.it\/privacy-policy\/"]}]},{"@type":"BreadcrumbList","@id":"https:\/\/hotelbrusago.it\/privacy-policy\/#breadcrumb","itemListElement":[{"@type":"ListItem","position":1,"name":"Home","item":"https:\/\/hotelbrusago.it\/de\/"},{"@type":"ListItem","position":2,"name":"Privacy Policy"}]},{"@type":"WebSite","@id":"https:\/\/hotelbrusago.it\/de\/#website","url":"https:\/\/hotelbrusago.it\/de\/","name":"Bio Hotel Brusago","description":"Autentico stile di montagna","potentialAction":[{"@type":"SearchAction","target":{"@type":"EntryPoint","urlTemplate":"https:\/\/hotelbrusago.it\/de\/?s={search_term_string}"},"query-input":{"@type":"PropertyValueSpecification","valueRequired":true,"valueName":"search_term_string"}}],"inLanguage":"de"}]}},"_links":{"self":[{"href":"https:\/\/hotelbrusago.it\/de\/wp-json\/wp\/v2\/pages\/1131","targetHints":{"allow":["GET"]}}],"collection":[{"href":"https:\/\/hotelbrusago.it\/de\/wp-json\/wp\/v2\/pages"}],"about":[{"href":"https:\/\/hotelbrusago.it\/de\/wp-json\/wp\/v2\/types\/page"}],"author":[{"embeddable":true,"href":"https:\/\/hotelbrusago.it\/de\/wp-json\/wp\/v2\/users\/1"}],"replies":[{"embeddable":true,"href":"https:\/\/hotelbrusago.it\/de\/wp-json\/wp\/v2\/comments?post=1131"}],"version-history":[{"count":0,"href":"https:\/\/hotelbrusago.it\/de\/wp-json\/wp\/v2\/pages\/1131\/revisions"}],"wp:attachment":[{"href":"https:\/\/hotelbrusago.it\/de\/wp-json\/wp\/v2\/media?parent=1131"}],"curies":[{"name":"wp","href":"https:\/\/api.w.org\/{rel}","templated":true}]}}